{"id":402,"date":"2025-09-10T13:25:01","date_gmt":"2025-09-10T13:25:01","guid":{"rendered":"https:\/\/locapeopleproject.com\/?page_id=402"},"modified":"2025-09-10T13:26:59","modified_gmt":"2025-09-10T13:26:59","slug":"manifiesto","status":"publish","type":"page","link":"https:\/\/locapeopleproject.com\/index.php\/manifiesto\/","title":{"rendered":"Manifiesto"},"content":{"rendered":"\t\t<div data-elementor-type=\"wp-page\" data-elementor-id=\"402\" class=\"elementor elementor-402\" data-elementor-post-type=\"page\">\n\t\t\t\t<div class=\"elementor-element elementor-element-66ac8e8 e-flex e-con-boxed e-con e-parent\" data-id=\"66ac8e8\" data-element_type=\"container\" data-settings=\"{&quot;background_background&quot;:&quot;classic&quot;}\">\n\t\t\t\t\t<div class=\"e-con-inner\">\n\t\t<div class=\"elementor-element elementor-element-0bb8b77 e-flex e-con-boxed e-con e-child\" data-id=\"0bb8b77\" data-element_type=\"container\">\n\t\t\t\t\t<div class=\"e-con-inner\">\n\t\t\t\t<div class=\"elementor-element elementor-element-04f9985 elementor-widget elementor-widget-heading\" data-id=\"04f9985\" data-element_type=\"widget\" data-widget_type=\"heading.default\">\n\t\t\t\t<div class=\"elementor-widget-container\">\n\t\t\t\t\t<h1 class=\"elementor-heading-title elementor-size-default\">Manifiesto<\/h1>\t\t\t\t<\/div>\n\t\t\t\t<\/div>\n\t\t\t\t<div class=\"elementor-element elementor-element-b9da593 elementor-widget__width-initial elementor-widget elementor-widget-text-editor\" data-id=\"b9da593\" data-element_type=\"widget\" data-widget_type=\"text-editor.default\">\n\t\t\t\t<div class=\"elementor-widget-container\">\n\t\t\t\t\t\t\t\t\t<p>Loca People Project no sigue modas, las crea.<br \/>No pinchamos con USBs, pinchamos con alma.<br \/>No creemos en el \u201cmainstream\u201d, creemos en el \u201cmindstream\u201d: llevar tu mente a otro lugar.<\/p><p>Nuestra fiesta no es un producto, es una ceremonia.<br \/>Si est\u00e1s buscando una experiencia predecible&#8230; sigue buscando.<br \/>Si est\u00e1s buscando locura, energ\u00eda, fuego y comunidad, est\u00e1s en el lugar correcto.<\/p>\t\t\t\t\t\t\t\t<\/div>\n\t\t\t\t<\/div>\n\t\t\t\t\t<\/div>\n\t\t\t\t<\/div>\n\t\t\t\t\t<\/div>\n\t\t\t\t<\/div>\n\t\t\t\t<\/div>\n\t\t","protected":false},"excerpt":{"rendered":"<p>Manifiesto Loca People Project no sigue modas, las crea.No pinchamos con USBs, pinchamos con alma.No creemos en el \u201cmainstream\u201d, creemos en el \u201cmindstream\u201d: llevar tu mente a otro lugar. Nuestra fiesta no es un producto, es una ceremonia.Si est\u00e1s buscando una experiencia predecible&#8230; sigue buscando.Si est\u00e1s buscando locura, energ\u00eda, fuego y comunidad, est\u00e1s en el [&hellip;]<\/p>\n","protected":false},"author":1,"featured_media":0,"parent":0,"menu_order":0,"comment_status":"closed","ping_status":"closed","template":"","meta":{"footnotes":""},"class_list":["post-402","page","type-page","status-publish","hentry"],"_links":{"self":[{"href":"https:\/\/locapeopleproject.com\/index.php\/wp-json\/wp\/v2\/pages\/402","targetHints":{"allow":["GET"]}}],"collection":[{"href":"https:\/\/locapeopleproject.com\/index.php\/wp-json\/wp\/v2\/pages"}],"about":[{"href":"https:\/\/locapeopleproject.com\/index.php\/wp-json\/wp\/v2\/types\/page"}],"author":[{"embeddable":true,"href":"https:\/\/locapeopleproject.com\/index.php\/wp-json\/wp\/v2\/users\/1"}],"replies":[{"embeddable":true,"href":"https:\/\/locapeopleproject.com\/index.php\/wp-json\/wp\/v2\/comments?post=402"}],"version-history":[{"count":4,"href":"https:\/\/locapeopleproject.com\/index.php\/wp-json\/wp\/v2\/pages\/402\/revisions"}],"predecessor-version":[{"id":407,"href":"https:\/\/locapeopleproject.com\/index.php\/wp-json\/wp\/v2\/pages\/402\/revisions\/407"}],"wp:attachment":[{"href":"https:\/\/locapeopleproject.com\/index.php\/wp-json\/wp\/v2\/media?parent=402"}],"curies":[{"name":"wp","href":"https:\/\/api.w.org\/{rel}","templated":true}]}}