{"id":38,"date":"2025-06-24T13:52:24","date_gmt":"2025-06-24T13:52:24","guid":{"rendered":"https:\/\/locapeopleproject.com\/index.php\/servicios\/"},"modified":"2025-09-10T16:58:13","modified_gmt":"2025-09-10T16:58:13","slug":"farinas-groove-nuestra-fiesta-nuestro-sonido","status":"publish","type":"page","link":"https:\/\/locapeopleproject.com\/index.php\/farinas-groove-nuestra-fiesta-nuestro-sonido\/","title":{"rendered":"Fari\u00f1as Groove \u2013 Nuestra Fiesta, Nuestro Sonido"},"content":{"rendered":"\t\t<div data-elementor-type=\"wp-page\" data-elementor-id=\"38\" class=\"elementor elementor-38\" data-elementor-post-type=\"page\">\n\t\t\t\t<div class=\"elementor-element elementor-element-d3776cb e-flex e-con-boxed e-con e-parent\" data-id=\"d3776cb\" data-element_type=\"container\" data-settings=\"{&quot;background_background&quot;:&quot;classic&quot;}\">\n\t\t\t\t\t<div class=\"e-con-inner\">\n\t\t<div class=\"elementor-element elementor-element-9957f13 e-flex e-con-boxed e-con e-child\" data-id=\"9957f13\" data-element_type=\"container\">\n\t\t\t\t\t<div class=\"e-con-inner\">\n\t\t\t\t<div class=\"elementor-element elementor-element-e7d4555 elementor-widget elementor-widget-heading\" data-id=\"e7d4555\" data-element_type=\"widget\" data-widget_type=\"heading.default\">\n\t\t\t\t<div class=\"elementor-widget-container\">\n\t\t\t\t\t<h2 class=\"elementor-heading-title elementor-size-default\">Fari\u00f1as Groove es el alma de la casa<\/h2>\t\t\t\t<\/div>\n\t\t\t\t<\/div>\n\t\t\t\t<div class=\"elementor-element elementor-element-b86f098 elementor-widget elementor-widget-heading\" data-id=\"b86f098\" data-element_type=\"widget\" data-widget_type=\"heading.default\">\n\t\t\t\t<div class=\"elementor-widget-container\">\n\t\t\t\t\t<h1 class=\"elementor-heading-title elementor-size-default\">Fari\u00f1as Groove \u2013 Nuestra Fiesta, Nuestro Sonido<\/h1>\t\t\t\t<\/div>\n\t\t\t\t<\/div>\n\t\t\t\t<div class=\"elementor-element elementor-element-5ee9240 elementor-widget__width-initial elementor-widget elementor-widget-text-editor\" data-id=\"5ee9240\" data-element_type=\"widget\" data-widget_type=\"text-editor.default\">\n\t\t\t\t<div class=\"elementor-widget-container\">\n\t\t\t\t\t\t\t\t\t<p>Nuestra fiesta de autor, donde el line-up est\u00e1 compuesto exclusivamente por los artistas de Loca People Project. Aqu\u00ed celebramos nuestra identidad, nuestra conexi\u00f3n con la pista y con quienes nos siguen desde el d\u00eda uno.<br \/>\ud83d\udc83 Latin Tech, Tech House y Afrohouse se funden en una fiesta sin pretensiones, pero con much\u00edsima alma.<\/p>\t\t\t\t\t\t\t\t<\/div>\n\t\t\t\t<\/div>\n\t\t\t\t\t<\/div>\n\t\t\t\t<\/div>\n\t\t\t\t\t<\/div>\n\t\t\t\t<\/div>\n\t\t<div class=\"elementor-element elementor-element-f1e7cd8 e-flex e-con-boxed e-con e-parent\" data-id=\"f1e7cd8\" data-element_type=\"container\" data-settings=\"{&quot;background_background&quot;:&quot;classic&quot;}\">\n\t\t\t\t\t<div class=\"e-con-inner\">\n\t\t<div class=\"elementor-element elementor-element-e21ea4f e-con-full e-flex e-con e-child\" data-id=\"e21ea4f\" data-element_type=\"container\">\n\t\t\t\t<div class=\"elementor-element elementor-element-14290c0 elementor-widget elementor-widget-heading\" data-id=\"14290c0\" data-element_type=\"widget\" data-widget_type=\"heading.default\">\n\t\t\t\t<div class=\"elementor-widget-container\">\n\t\t\t\t\t<h2 class=\"elementor-heading-title elementor-size-default\">Line-up confirmado:<\/h2>\t\t\t\t<\/div>\n\t\t\t\t<\/div>\n\t\t\t\t<\/div>\n\t\t<div class=\"elementor-element elementor-element-1f208bd e-con-full e-flex e-con e-child\" data-id=\"1f208bd\" data-element_type=\"container\">\n\t\t<div class=\"elementor-element elementor-element-0d87b00 e-con-full e-flex e-con e-child\" data-id=\"0d87b00\" data-element_type=\"container\">\n\t\t\t\t<div class=\"elementor-element elementor-element-982e0d1 elementor-widget elementor-widget-image\" data-id=\"982e0d1\" data-element_type=\"widget\" data-widget_type=\"image.default\">\n\t\t\t\t<div class=\"elementor-widget-container\">\n\t\t\t\t\t\t\t\t\t\t\t\t\t\t\t<img decoding=\"async\" width=\"180\" height=\"180\" src=\"https:\/\/locapeopleproject.com\/wp-content\/uploads\/2025\/09\/imagen-1-1.png\" class=\"attachment-full size-full wp-image-459\" alt=\"imagen (1)\" srcset=\"https:\/\/locapeopleproject.com\/wp-content\/uploads\/2025\/09\/imagen-1-1.png 180w, https:\/\/locapeopleproject.com\/wp-content\/uploads\/2025\/09\/imagen-1-1-150x150.png 150w\" sizes=\"(max-width: 180px) 100vw, 180px\" \/>\t\t\t\t\t\t\t\t\t\t\t\t\t\t\t<\/div>\n\t\t\t\t<\/div>\n\t\t<div class=\"elementor-element elementor-element-0aebc13 e-flex e-con-boxed e-con e-child\" data-id=\"0aebc13\" data-element_type=\"container\">\n\t\t\t\t\t<div class=\"e-con-inner\">\n\t\t\t\t<div class=\"elementor-element elementor-element-fe4326d elementor-widget-tablet__width-inherit elementor-widget elementor-widget-heading\" data-id=\"fe4326d\" data-element_type=\"widget\" data-widget_type=\"heading.default\">\n\t\t\t\t<div class=\"elementor-widget-container\">\n\t\t\t\t\t<h3 class=\"elementor-heading-title elementor-size-default\">DJ X<\/h3>\t\t\t\t<\/div>\n\t\t\t\t<\/div>\n\t\t\t\t\t<\/div>\n\t\t\t\t<\/div>\n\t\t\t\t<\/div>\n\t\t<div class=\"elementor-element elementor-element-76bbcf0 e-con-full e-flex e-con e-child\" data-id=\"76bbcf0\" data-element_type=\"container\">\n\t\t\t\t<div class=\"elementor-element elementor-element-b1e38a7 elementor-widget elementor-widget-image\" data-id=\"b1e38a7\" data-element_type=\"widget\" data-widget_type=\"image.default\">\n\t\t\t\t<div class=\"elementor-widget-container\">\n\t\t\t\t\t\t\t\t\t\t\t\t\t\t\t<img decoding=\"async\" width=\"186\" height=\"186\" src=\"https:\/\/locapeopleproject.com\/wp-content\/uploads\/2025\/09\/imagen-2-1.png\" class=\"attachment-full size-full wp-image-458\" alt=\"imagen (2)\" srcset=\"https:\/\/locapeopleproject.com\/wp-content\/uploads\/2025\/09\/imagen-2-1.png 186w, https:\/\/locapeopleproject.com\/wp-content\/uploads\/2025\/09\/imagen-2-1-150x150.png 150w\" sizes=\"(max-width: 186px) 100vw, 186px\" \/>\t\t\t\t\t\t\t\t\t\t\t\t\t\t\t<\/div>\n\t\t\t\t<\/div>\n\t\t<div class=\"elementor-element elementor-element-77629f6 e-flex e-con-boxed e-con e-child\" data-id=\"77629f6\" data-element_type=\"container\">\n\t\t\t\t\t<div class=\"e-con-inner\">\n\t\t\t\t<div class=\"elementor-element elementor-element-df74283 elementor-widget-tablet__width-inherit elementor-widget elementor-widget-heading\" data-id=\"df74283\" data-element_type=\"widget\" data-widget_type=\"heading.default\">\n\t\t\t\t<div class=\"elementor-widget-container\">\n\t\t\t\t\t<h3 class=\"elementor-heading-title elementor-size-default\">DJ Y<\/h3>\t\t\t\t<\/div>\n\t\t\t\t<\/div>\n\t\t\t\t\t<\/div>\n\t\t\t\t<\/div>\n\t\t\t\t<\/div>\n\t\t<div class=\"elementor-element elementor-element-e96c5b4 e-con-full e-flex e-con e-child\" data-id=\"e96c5b4\" data-element_type=\"container\">\n\t\t\t\t<div class=\"elementor-element elementor-element-61eaaa9 elementor-widget elementor-widget-image\" data-id=\"61eaaa9\" data-element_type=\"widget\" data-widget_type=\"image.default\">\n\t\t\t\t<div class=\"elementor-widget-container\">\n\t\t\t\t\t\t\t\t\t\t\t\t\t\t\t<img decoding=\"async\" width=\"186\" height=\"186\" src=\"https:\/\/locapeopleproject.com\/wp-content\/uploads\/2025\/09\/imagen-3-1.png\" class=\"attachment-full size-full wp-image-457\" alt=\"imagen (3)\" srcset=\"https:\/\/locapeopleproject.com\/wp-content\/uploads\/2025\/09\/imagen-3-1.png 186w, https:\/\/locapeopleproject.com\/wp-content\/uploads\/2025\/09\/imagen-3-1-150x150.png 150w\" sizes=\"(max-width: 186px) 100vw, 186px\" \/>\t\t\t\t\t\t\t\t\t\t\t\t\t\t\t<\/div>\n\t\t\t\t<\/div>\n\t\t<div class=\"elementor-element elementor-element-df7f84a e-flex e-con-boxed e-con e-child\" data-id=\"df7f84a\" data-element_type=\"container\">\n\t\t\t\t\t<div class=\"e-con-inner\">\n\t\t\t\t<div class=\"elementor-element elementor-element-4f021be elementor-widget-tablet__width-inherit elementor-widget elementor-widget-heading\" data-id=\"4f021be\" data-element_type=\"widget\" data-widget_type=\"heading.default\">\n\t\t\t\t<div class=\"elementor-widget-container\">\n\t\t\t\t\t<h3 class=\"elementor-heading-title elementor-size-default\">DJ Z<\/h3>\t\t\t\t<\/div>\n\t\t\t\t<\/div>\n\t\t\t\t\t<\/div>\n\t\t\t\t<\/div>\n\t\t\t\t<\/div>\n\t\t\t\t<\/div>\n\t\t\t\t\t<\/div>\n\t\t\t\t<\/div>\n\t\t<div class=\"elementor-element elementor-element-346280c e-con-full e-flex e-con e-parent\" data-id=\"346280c\" data-element_type=\"container\" data-settings=\"{&quot;background_background&quot;:&quot;classic&quot;}\">\n\t\t<div class=\"elementor-element elementor-element-7b3bad8 e-con-full e-flex e-con e-child\" data-id=\"7b3bad8\" data-element_type=\"container\">\n\t\t\t\t<div class=\"elementor-element elementor-element-bb7c71e elementor-widget-tablet__width-initial elementor-widget-mobile__width-inherit elementor-widget elementor-widget-heading\" data-id=\"bb7c71e\" data-element_type=\"widget\" data-widget_type=\"heading.default\">\n\t\t\t\t<div class=\"elementor-widget-container\">\n\t\t\t\t\t<h2 class=\"elementor-heading-title elementor-size-default\">Pr\u00f3xima edici\u00f3n<\/h2>\t\t\t\t<\/div>\n\t\t\t\t<\/div>\n\t\t\t\t<div class=\"elementor-element elementor-element-8735fa8 elementor-tablet-align-center elementor-mobile-align-left elementor-icon-list--layout-traditional elementor-list-item-link-full_width elementor-widget elementor-widget-icon-list\" data-id=\"8735fa8\" data-element_type=\"widget\" data-widget_type=\"icon-list.default\">\n\t\t\t\t<div class=\"elementor-widget-container\">\n\t\t\t\t\t\t\t<ul class=\"elementor-icon-list-items\">\n\t\t\t\t\t\t\t<li class=\"elementor-icon-list-item\">\n\t\t\t\t\t\t\t\t\t\t\t<span class=\"elementor-icon-list-icon\">\n\t\t\t\t\t\t\t<svg xmlns=\"http:\/\/www.w3.org\/2000\/svg\" width=\"21\" height=\"25\" viewBox=\"0 0 21 25\" fill=\"none\"><path d=\"M6 0.5C6.82969 0.5 7.5 1.17031 7.5 2V3.5H13.5V2C13.5 1.17031 14.1703 0.5 15 0.5C15.8297 0.5 16.5 1.17031 16.5 2V3.5H18.75C19.9922 3.5 21 4.50781 21 5.75V8H0V5.75C0 4.50781 1.00781 3.5 2.25 3.5H4.5V2C4.5 1.17031 5.17031 0.5 6 0.5ZM0 9.5H21V22.25C21 23.4922 19.9922 24.5 18.75 24.5H2.25C1.00781 24.5 0 23.4922 0 22.25V9.5ZM3 13.25V14.75C3 15.1625 3.3375 15.5 3.75 15.5H5.25C5.6625 15.5 6 15.1625 6 14.75V13.25C6 12.8375 5.6625 12.5 5.25 12.5H3.75C3.3375 12.5 3 12.8375 3 13.25ZM9 13.25V14.75C9 15.1625 9.3375 15.5 9.75 15.5H11.25C11.6625 15.5 12 15.1625 12 14.75V13.25C12 12.8375 11.6625 12.5 11.25 12.5H9.75C9.3375 12.5 9 12.8375 9 13.25ZM15.75 12.5C15.3375 12.5 15 12.8375 15 13.25V14.75C15 15.1625 15.3375 15.5 15.75 15.5H17.25C17.6625 15.5 18 15.1625 18 14.75V13.25C18 12.8375 17.6625 12.5 17.25 12.5H15.75ZM3 19.25V20.75C3 21.1625 3.3375 21.5 3.75 21.5H5.25C5.6625 21.5 6 21.1625 6 20.75V19.25C6 18.8375 5.6625 18.5 5.25 18.5H3.75C3.3375 18.5 3 18.8375 3 19.25ZM9.75 18.5C9.3375 18.5 9 18.8375 9 19.25V20.75C9 21.1625 9.3375 21.5 9.75 21.5H11.25C11.6625 21.5 12 21.1625 12 20.75V19.25C12 18.8375 11.6625 18.5 11.25 18.5H9.75ZM15 19.25V20.75C15 21.1625 15.3375 21.5 15.75 21.5H17.25C17.6625 21.5 18 21.1625 18 20.75V19.25C18 18.8375 17.6625 18.5 17.25 18.5H15.75C15.3375 18.5 15 18.8375 15 19.25Z\" fill=\"#CA7D00\"><\/path><\/svg>\t\t\t\t\t\t<\/span>\n\t\t\t\t\t\t\t\t\t\t<span class=\"elementor-icon-list-text\">Fecha: [por definir]<\/span>\n\t\t\t\t\t\t\t\t\t<\/li>\n\t\t\t\t\t\t\t\t<li class=\"elementor-icon-list-item\">\n\t\t\t\t\t\t\t\t\t\t\t<span class=\"elementor-icon-list-icon\">\n\t\t\t\t\t\t\t<svg xmlns=\"http:\/\/www.w3.org\/2000\/svg\" width=\"20\" height=\"25\" viewBox=\"0 0 20 25\" fill=\"none\"><path d=\"M19 10.5C19 17.5 10 23.5 10 23.5C10 23.5 1 17.5 1 10.5C1 8.11305 1.94821 5.82387 3.63604 4.13604C5.32387 2.44821 7.61305 1.5 10 1.5C12.3869 1.5 14.6761 2.44821 16.364 4.13604C18.0518 5.82387 19 8.11305 19 10.5Z\" stroke=\"#CA7D00\" stroke-width=\"2\" stroke-linecap=\"round\" stroke-linejoin=\"round\"><\/path><path d=\"M10 13.5C11.6569 13.5 13 12.1569 13 10.5C13 8.84315 11.6569 7.5 10 7.5C8.34315 7.5 7 8.84315 7 10.5C7 12.1569 8.34315 13.5 10 13.5Z\" stroke=\"#CA7D00\" stroke-width=\"2\" stroke-linecap=\"round\" stroke-linejoin=\"round\"><\/path><\/svg>\t\t\t\t\t\t<\/span>\n\t\t\t\t\t\t\t\t\t\t<span class=\"elementor-icon-list-text\">Lugar: [por definir]<\/span>\n\t\t\t\t\t\t\t\t\t<\/li>\n\t\t\t\t\t\t\t\t<li class=\"elementor-icon-list-item\">\n\t\t\t\t\t\t\t\t\t\t\t<span class=\"elementor-icon-list-icon\">\n\t\t\t\t\t\t\t<svg xmlns=\"http:\/\/www.w3.org\/2000\/svg\" width=\"24\" height=\"18\" viewBox=\"0 0 24 18\" fill=\"none\"><path d=\"M2.7 2.6C2.7 2.04305 2.92125 1.5089 3.31508 1.11508C3.7089 0.721249 4.24305 0.5 4.8 0.5C5.35696 0.5 5.8911 0.721249 6.28492 1.11508C6.67875 1.5089 6.9 2.04305 6.9 2.6C6.9 3.15695 6.67875 3.6911 6.28492 4.08492C5.8911 4.47875 5.35696 4.7 4.8 4.7C4.24305 4.7 3.7089 4.47875 3.31508 4.08492C2.92125 3.6911 2.7 3.15695 2.7 2.6ZM2.4 8.51375C2.025 8.93375 1.8 9.4925 1.8 10.1C1.8 10.7075 2.025 11.2662 2.4 11.6862V8.51375ZM7.815 6.665C6.70125 7.65125 6 9.095 6 10.7C6 11.9863 6.45 13.1675 7.2 14.0938V14.9C7.2 15.5638 6.66375 16.1 6 16.1H3.6C2.93625 16.1 2.4 15.5638 2.4 14.9V13.895C0.9825 13.22 0 11.7763 0 10.1C0 7.77875 1.87875 5.9 4.2 5.9H5.4C6.3 5.9 7.1325 6.18125 7.815 6.66125V6.665ZM16.8 14.9V14.0938C17.55 13.1675 18 11.9863 18 10.7C18 9.095 17.2988 7.65125 16.185 6.66125C16.8675 6.18125 17.7 5.9 18.6 5.9H19.8C22.1213 5.9 24 7.77875 24 10.1C24 11.7763 23.0175 13.22 21.6 13.895V14.9C21.6 15.5638 21.0638 16.1 20.4 16.1H18C17.3363 16.1 16.8 15.5638 16.8 14.9ZM17.1 2.6C17.1 2.04305 17.3212 1.5089 17.7151 1.11508C18.1089 0.721249 18.643 0.5 19.2 0.5C19.757 0.5 20.2911 0.721249 20.6849 1.11508C21.0788 1.5089 21.3 2.04305 21.3 2.6C21.3 3.15695 21.0788 3.6911 20.6849 4.08492C20.2911 4.47875 19.757 4.7 19.2 4.7C18.643 4.7 18.1089 4.47875 17.7151 4.08492C17.3212 3.6911 17.1 3.15695 17.1 2.6ZM21.6 8.51375V11.69C21.975 11.2663 22.2 10.7113 22.2 10.1038C22.2 9.49625 21.975 8.9375 21.6 8.5175V8.51375ZM12 0.5C12.6365 0.5 13.247 0.752856 13.6971 1.20294C14.1471 1.65303 14.4 2.26348 14.4 2.9C14.4 3.53652 14.1471 4.14697 13.6971 4.59706C13.247 5.04714 12.6365 5.3 12 5.3C11.3635 5.3 10.753 5.04714 10.3029 4.59706C9.85286 4.14697 9.6 3.53652 9.6 2.9C9.6 2.26348 9.85286 1.65303 10.3029 1.20294C10.753 0.752856 11.3635 0.5 12 0.5ZM9 10.7C9 11.3075 9.225 11.8625 9.6 12.2863V9.11375C9.225 9.5375 9 10.0925 9 10.7ZM14.4 9.11375V12.29C14.775 11.8663 15 11.3113 15 10.7038C15 10.0963 14.775 9.5375 14.4 9.1175V9.11375ZM16.8 10.7C16.8 12.3763 15.8175 13.82 14.4 14.495V16.1C14.4 16.7638 13.8638 17.3 13.2 17.3H10.8C10.1363 17.3 9.6 16.7638 9.6 16.1V14.495C8.1825 13.82 7.2 12.3763 7.2 10.7C7.2 8.37875 9.07875 6.5 11.4 6.5H12.6C14.9213 6.5 16.8 8.37875 16.8 10.7Z\" fill=\"#C96B0E\"><\/path><\/svg>\t\t\t\t\t\t<\/span>\n\t\t\t\t\t\t\t\t\t\t<span class=\"elementor-icon-list-text\">Entrada libre hasta completar el goce.<\/span>\n\t\t\t\t\t\t\t\t\t<\/li>\n\t\t\t\t\t\t<\/ul>\n\t\t\t\t\t\t<\/div>\n\t\t\t\t<\/div>\n\t\t\t\t<div class=\"elementor-element elementor-element-ac398f2 elementor-widget elementor-widget-text-editor\" data-id=\"ac398f2\" data-element_type=\"widget\" data-widget_type=\"text-editor.default\">\n\t\t\t\t<div class=\"elementor-widget-container\">\n\t\t\t\t\t\t\t\t\t<p><strong>\u00bfQuieres recibir la ubicaci\u00f3n secreta?<\/strong><\/p>\t\t\t\t\t\t\t\t<\/div>\n\t\t\t\t<\/div>\n\t\t\t\t<div class=\"elementor-element elementor-element-7fc2cc6 elementor-align-left elementor-widget elementor-widget-button\" data-id=\"7fc2cc6\" data-element_type=\"widget\" data-widget_type=\"button.default\">\n\t\t\t\t<div class=\"elementor-widget-container\">\n\t\t\t\t\t\t\t\t\t<div class=\"elementor-button-wrapper\">\n\t\t\t\t\t<a class=\"elementor-button elementor-button-link elementor-size-sm\" href=\"#elementor-action%3Aaction%3Dpopup%3Aopen%26settings%3DeyJpZCI6IjQ3NiIsInRvZ2dsZSI6ZmFsc2V9\">\n\t\t\t\t\t\t<span class=\"elementor-button-content-wrapper\">\n\t\t\t\t\t\t<span class=\"elementor-button-icon\">\n\t\t\t\t<svg aria-hidden=\"true\" class=\"e-font-icon-svg e-fas-arrow-right\" viewBox=\"0 0 448 512\" xmlns=\"http:\/\/www.w3.org\/2000\/svg\"><path d=\"M190.5 66.9l22.2-22.2c9.4-9.4 24.6-9.4 33.9 0L441 239c9.4 9.4 9.4 24.6 0 33.9L246.6 467.3c-9.4 9.4-24.6 9.4-33.9 0l-22.2-22.2c-9.5-9.5-9.3-25 .4-34.3L311.4 296H24c-13.3 0-24-10.7-24-24v-32c0-13.3 10.7-24 24-24h287.4L190.9 101.2c-9.8-9.3-10-24.8-.4-34.3z\"><\/path><\/svg>\t\t\t<\/span>\n\t\t\t\t\t\t\t\t\t<span class=\"elementor-button-text\">Suscr\u00edbete al ritual<\/span>\n\t\t\t\t\t<\/span>\n\t\t\t\t\t<\/a>\n\t\t\t\t<\/div>\n\t\t\t\t\t\t\t\t<\/div>\n\t\t\t\t<\/div>\n\t\t\t\t<\/div>\n\t\t<div class=\"elementor-element elementor-element-4deaf07 e-con-full e-flex e-con e-child\" data-id=\"4deaf07\" data-element_type=\"container\" data-settings=\"{&quot;background_background&quot;:&quot;classic&quot;}\">\n\t\t\t\t<\/div>\n\t\t\t\t<\/div>\n\t\t<div class=\"elementor-element elementor-element-f128ea4 e-flex e-con-boxed e-con e-parent\" data-id=\"f128ea4\" data-element_type=\"container\" data-settings=\"{&quot;background_background&quot;:&quot;classic&quot;}\">\n\t\t\t\t\t<div class=\"e-con-inner\">\n\t\t<div class=\"elementor-element elementor-element-4e73b9a e-con-full e-flex e-con e-child\" data-id=\"4e73b9a\" data-element_type=\"container\">\n\t\t\t\t<div class=\"elementor-element elementor-element-5129bdd elementor-widget elementor-widget-heading\" data-id=\"5129bdd\" data-element_type=\"widget\" data-widget_type=\"heading.default\">\n\t\t\t\t<div class=\"elementor-widget-container\">\n\t\t\t\t\t<h3 class=\"elementor-heading-title elementor-size-default\">\u00bfTienes un espacio? nosotros tenemos el fuego<\/h3>\t\t\t\t<\/div>\n\t\t\t\t<\/div>\n\t\t\t\t<div class=\"elementor-element elementor-element-be22594 elementor-widget elementor-widget-heading\" data-id=\"be22594\" data-element_type=\"widget\" data-widget_type=\"heading.default\">\n\t\t\t\t<div class=\"elementor-widget-container\">\n\t\t\t\t\t<h2 class=\"elementor-heading-title elementor-size-default\">Nuestras fiestas \u2013 ll\u00e9valas a tu local<\/h2>\t\t\t\t<\/div>\n\t\t\t\t<\/div>\n\t\t\t\t<div class=\"elementor-element elementor-element-ec6b360 elementor-widget__width-initial elementor-widget elementor-widget-text-editor\" data-id=\"ec6b360\" data-element_type=\"widget\" data-widget_type=\"text-editor.default\">\n\t\t\t\t<div class=\"elementor-widget-container\">\n\t\t\t\t\t\t\t\t\t<p>Las fiestas de Loca People Project est\u00e1n disponibles para promotores y venues que quieran elevar su programaci\u00f3n con conceptos s\u00f3lidos, identitarios y 100 % adaptables.\u2028 No vendemos entradas al p\u00fablico. Creamos alianzas con espacios que buscan marcar la diferencia.<\/p>\t\t\t\t\t\t\t\t<\/div>\n\t\t\t\t<\/div>\n\t\t\t\t<\/div>\n\t\t\t\t\t<\/div>\n\t\t\t\t<\/div>\n\t\t<div class=\"elementor-element elementor-element-bead01c e-con-full e-flex e-con e-parent\" data-id=\"bead01c\" data-element_type=\"container\" data-settings=\"{&quot;background_background&quot;:&quot;classic&quot;}\">\n\t\t<div class=\"elementor-element elementor-element-78a9cae e-con-full e-flex e-con e-child\" data-id=\"78a9cae\" data-element_type=\"container\">\n\t\t\t\t<div class=\"elementor-element elementor-element-0d16c99 elementor-widget-tablet__width-initial elementor-widget-mobile__width-inherit elementor-widget elementor-widget-heading\" data-id=\"0d16c99\" data-element_type=\"widget\" data-widget_type=\"heading.default\">\n\t\t\t\t<div class=\"elementor-widget-container\">\n\t\t\t\t\t<h2 class=\"elementor-heading-title elementor-size-default\">Fari\u00f1as groove \u2013 calor local, sabor global<\/h2>\t\t\t\t<\/div>\n\t\t\t\t<\/div>\n\t\t\t\t<div class=\"elementor-element elementor-element-fad0a51 elementor-widget elementor-widget-text-editor\" data-id=\"fad0a51\" data-element_type=\"widget\" data-widget_type=\"text-editor.default\">\n\t\t\t\t<div class=\"elementor-widget-container\">\n\t\t\t\t\t\t\t\t\t<p>La fiesta residente de Loca People Project.<\/p><p>Fari\u00f1as Groove re\u00fane a nuestro line-up de DJs en una noche donde el Tech House latino y el Afrohouse toman el control. Sin pretensiones, pero con un groove contagioso que convierte cualquier sala en un viaje.\u2028<\/p><p><strong>Lo que incluye el formato Jaguar:\u2028<\/strong><\/p><ul><li>3 DJs del Roast de Loca People Project<\/li><li>Sonido Latin Tech, Afrohouse y Tech House<\/li><li>Direcci\u00f3n musical personalizada<\/li><li>Promoci\u00f3n conjunta<\/li><li>Material gr\u00e1fico y comunicaci\u00f3n<\/li><li>Apoyo con producci\u00f3n si se requiere<br \/><br \/><\/li><\/ul><p><strong>Ideal para:<\/strong> <br \/>Clubs boutique, locales con ambiente tropical\/underground, espacios emergentes que quieren sonar diferente.<\/p>\t\t\t\t\t\t\t\t<\/div>\n\t\t\t\t<\/div>\n\t\t\t\t<\/div>\n\t\t<div class=\"elementor-element elementor-element-2c9debb e-con-full e-flex e-con e-child\" data-id=\"2c9debb\" data-element_type=\"container\" data-settings=\"{&quot;background_background&quot;:&quot;classic&quot;}\">\n\t\t\t\t<\/div>\n\t\t\t\t<\/div>\n\t\t<div class=\"elementor-element elementor-element-10cd7c0 e-con-full e-flex e-con e-parent\" data-id=\"10cd7c0\" data-element_type=\"container\" data-settings=\"{&quot;background_background&quot;:&quot;classic&quot;}\">\n\t\t<div class=\"elementor-element elementor-element-70bd96b e-con-full e-flex e-con e-child\" data-id=\"70bd96b\" data-element_type=\"container\">\n\t\t\t\t<div class=\"elementor-element elementor-element-53d86c6 elementor-widget-tablet__width-initial elementor-widget-mobile__width-inherit elementor-widget elementor-widget-heading\" data-id=\"53d86c6\" data-element_type=\"widget\" data-widget_type=\"heading.default\">\n\t\t\t\t<div class=\"elementor-widget-container\">\n\t\t\t\t\t<h2 class=\"elementor-heading-title elementor-size-default\">\u00bfQu\u00e9 te llevas al programar una fiesta Loca People Project?<\/h2>\t\t\t\t<\/div>\n\t\t\t\t<\/div>\n\t\t\t\t<div class=\"elementor-element elementor-element-9528ab6 elementor-widget-tablet__width-inherit elementor-widget elementor-widget-text-editor\" data-id=\"9528ab6\" data-element_type=\"widget\" data-widget_type=\"text-editor.default\">\n\t\t\t\t<div class=\"elementor-widget-container\">\n\t\t\t\t\t\t\t\t\t<ul><li>Direcci\u00f3n art\u00edstica profesional<\/li><li>DJs con presencia esc\u00e9nica y repertorio curado<\/li><li>Un concepto con identidad y seguidores<\/li><li>Contenido visual listo para promocionar<\/li><li>Apoyo estrat\u00e9gico en comunicaci\u00f3n<\/li><li>Flexibilidad para adaptarlo a tu espacio y p\u00fablico<\/li><\/ul>\t\t\t\t\t\t\t\t<\/div>\n\t\t\t\t<\/div>\n\t\t\t\t<\/div>\n\t\t<div class=\"elementor-element elementor-element-f6fad26 e-con-full e-flex e-con e-child\" data-id=\"f6fad26\" data-element_type=\"container\" data-settings=\"{&quot;background_background&quot;:&quot;classic&quot;}\">\n\t\t\t\t<\/div>\n\t\t\t\t<\/div>\n\t\t<div class=\"elementor-element elementor-element-b7ebeaf e-flex e-con-boxed e-con e-child\" data-id=\"b7ebeaf\" data-element_type=\"container\" data-settings=\"{&quot;background_background&quot;:&quot;classic&quot;}\">\n\t\t\t\t\t<div class=\"e-con-inner\">\n\t\t\t\t<div class=\"elementor-element elementor-element-e6d138d elementor-widget elementor-widget-heading\" data-id=\"e6d138d\" data-element_type=\"widget\" data-widget_type=\"heading.default\">\n\t\t\t\t<div class=\"elementor-widget-container\">\n\t\t\t\t\t<h2 class=\"elementor-heading-title elementor-size-default\">\u00a0\u00bfQuieres Fari\u00f1as en tu casa?<\/h2>\t\t\t\t<\/div>\n\t\t\t\t<\/div>\n\t\t\t\t<div class=\"elementor-element elementor-element-035876a elementor-align-left elementor-mobile-align-justify elementor-widget elementor-widget-button\" data-id=\"035876a\" data-element_type=\"widget\" data-widget_type=\"button.default\">\n\t\t\t\t<div class=\"elementor-widget-container\">\n\t\t\t\t\t\t\t\t\t<div class=\"elementor-button-wrapper\">\n\t\t\t\t\t<a class=\"elementor-button elementor-button-link elementor-size-sm\" href=\"#elementor-action%3Aaction%3Dpopup%3Aopen%26settings%3DeyJpZCI6IjQ4OSIsInRvZ2dsZSI6ZmFsc2V9\">\n\t\t\t\t\t\t<span class=\"elementor-button-content-wrapper\">\n\t\t\t\t\t\t<span class=\"elementor-button-icon\">\n\t\t\t\t<svg aria-hidden=\"true\" class=\"e-font-icon-svg e-fas-arrow-right\" viewBox=\"0 0 448 512\" xmlns=\"http:\/\/www.w3.org\/2000\/svg\"><path d=\"M190.5 66.9l22.2-22.2c9.4-9.4 24.6-9.4 33.9 0L441 239c9.4 9.4 9.4 24.6 0 33.9L246.6 467.3c-9.4 9.4-24.6 9.4-33.9 0l-22.2-22.2c-9.5-9.5-9.3-25 .4-34.3L311.4 296H24c-13.3 0-24-10.7-24-24v-32c0-13.3 10.7-24 24-24h287.4L190.9 101.2c-9.8-9.3-10-24.8-.4-34.3z\"><\/path><\/svg>\t\t\t<\/span>\n\t\t\t\t\t\t\t\t\t<span class=\"elementor-button-text\">Solicita formato y disponibilidad<\/span>\n\t\t\t\t\t<\/span>\n\t\t\t\t\t<\/a>\n\t\t\t\t<\/div>\n\t\t\t\t\t\t\t\t<\/div>\n\t\t\t\t<\/div>\n\t\t\t\t\t<\/div>\n\t\t\t\t<\/div>\n\t\t\t\t<\/div>\n\t\t","protected":false},"excerpt":{"rendered":"<p>Fari\u00f1as Groove es el alma de la casa Fari\u00f1as Groove \u2013 Nuestra Fiesta, Nuestro Sonido Nuestra fiesta de autor, donde el line-up est\u00e1 compuesto exclusivamente por los artistas de Loca People Project. Aqu\u00ed celebramos nuestra identidad, nuestra conexi\u00f3n con la pista y con quienes nos siguen desde el d\u00eda uno.\ud83d\udc83 Latin Tech, Tech House y [&hellip;]<\/p>\n","protected":false},"author":1,"featured_media":0,"parent":0,"menu_order":0,"comment_status":"closed","ping_status":"closed","template":"","meta":{"footnotes":""},"class_list":["post-38","page","type-page","status-publish","hentry"],"_links":{"self":[{"href":"https:\/\/locapeopleproject.com\/index.php\/wp-json\/wp\/v2\/pages\/38","targetHints":{"allow":["GET"]}}],"collection":[{"href":"https:\/\/locapeopleproject.com\/index.php\/wp-json\/wp\/v2\/pages"}],"about":[{"href":"https:\/\/locapeopleproject.com\/index.php\/wp-json\/wp\/v2\/types\/page"}],"author":[{"embeddable":true,"href":"https:\/\/locapeopleproject.com\/index.php\/wp-json\/wp\/v2\/users\/1"}],"replies":[{"embeddable":true,"href":"https:\/\/locapeopleproject.com\/index.php\/wp-json\/wp\/v2\/comments?post=38"}],"version-history":[{"count":39,"href":"https:\/\/locapeopleproject.com\/index.php\/wp-json\/wp\/v2\/pages\/38\/revisions"}],"predecessor-version":[{"id":602,"href":"https:\/\/locapeopleproject.com\/index.php\/wp-json\/wp\/v2\/pages\/38\/revisions\/602"}],"wp:attachment":[{"href":"https:\/\/locapeopleproject.com\/index.php\/wp-json\/wp\/v2\/media?parent=38"}],"curies":[{"name":"wp","href":"https:\/\/api.w.org\/{rel}","templated":true}]}}